{"id":117,"date":"2026-01-24T18:16:25","date_gmt":"2026-01-24T18:16:25","guid":{"rendered":"https:\/\/tuoksujatunnelma.fi\/?post_type=product&#038;p=117"},"modified":"2026-01-26T13:10:00","modified_gmt":"2026-01-26T13:10:00","slug":"mini","status":"publish","type":"product","link":"https:\/\/tuoksujatunnelma.fi\/index.php\/tuote\/mini\/","title":{"rendered":"Mini"},"content":{"rendered":"<p>&#8221;mini&#8221; kynttil\u00e4 on hiukan isompi kuin tavallinen tuikku, mutta tuplasti tunnelmallisempi, polttoaika arviolta noin 2-4 tuntia<\/p>\n","protected":false},"excerpt":{"rendered":"<p>R\u00e4ike\u00e4n v\u00e4riset, pienet ja empaattiset tunnelmaa luovat mini kynttil\u00e4t<\/p>\n","protected":false},"featured_media":120,"comment_status":"open","ping_status":"closed","template":"","meta":[],"product_brand":[],"product_cat":[16],"product_tag":[],"class_list":{"0":"post-117","1":"product","2":"type-product","3":"status-publish","4":"has-post-thumbnail","6":"product_cat-yleinen","8":"first","9":"instock","10":"shipping-taxable","11":"purchasable","12":"product-type-variable"},"jetpack_sharing_enabled":true,"_links":{"self":[{"href":"https:\/\/tuoksujatunnelma.fi\/index.php\/wp-json\/wp\/v2\/product\/117","targetHints":{"allow":["GET"]}}],"collection":[{"href":"https:\/\/tuoksujatunnelma.fi\/index.php\/wp-json\/wp\/v2\/product"}],"about":[{"href":"https:\/\/tuoksujatunnelma.fi\/index.php\/wp-json\/wp\/v2\/types\/product"}],"replies":[{"embeddable":true,"href":"https:\/\/tuoksujatunnelma.fi\/index.php\/wp-json\/wp\/v2\/comments?post=117"}],"wp:featuredmedia":[{"embeddable":true,"href":"https:\/\/tuoksujatunnelma.fi\/index.php\/wp-json\/wp\/v2\/media\/120"}],"wp:attachment":[{"href":"https:\/\/tuoksujatunnelma.fi\/index.php\/wp-json\/wp\/v2\/media?parent=117"}],"wp:term":[{"taxonomy":"product_brand","embeddable":true,"href":"https:\/\/tuoksujatunnelma.fi\/index.php\/wp-json\/wp\/v2\/product_brand?post=117"},{"taxonomy":"product_cat","embeddable":true,"href":"https:\/\/tuoksujatunnelma.fi\/index.php\/wp-json\/wp\/v2\/product_cat?post=117"},{"taxonomy":"product_tag","embeddable":true,"href":"https:\/\/tuoksujatunnelma.fi\/index.php\/wp-json\/wp\/v2\/product_tag?post=117"}],"curies":[{"name":"wp","href":"https:\/\/api.w.org\/{rel}","templated":true}]}}